{"id":1806,"date":"2018-04-24T21:49:51","date_gmt":"2018-04-24T19:49:51","guid":{"rendered":"http:\/\/lydie-essayan.com\/?page_id=1806"},"modified":"2020-10-24T14:50:43","modified_gmt":"2020-10-24T12:50:43","slug":"hors-saison-page","status":"publish","type":"page","link":"https:\/\/lydie-essayan.com\/index.php\/hors-saison-page\/","title":{"rendered":"Hors Saison"},"content":{"rendered":"<p>[vc_row][vc_column][vc_column_text]<\/p>\n<h5 style=\"text-align: center;\">Hors Saison<\/h5>\n<p style=\"text-align: justify;\">[\/vc_column_text][vc_single_image image=\u00a0\u00bb1820&Prime; img_size=\u00a0\u00bblarge\u00a0\u00bb alignment=\u00a0\u00bbcenter\u00a0\u00bb onclick=\u00a0\u00bbcustom_link\u00a0\u00bb link=\u00a0\u00bbhttp:\/\/lydie-essayan.com\/index.php\/portfolio\/items\/hors-saison\/\u00a0\u00bb][\/vc_column] [\/vc_row][vc_row][vc_column][\/vc_column][vc_column][vc_column_text]Ensemble r\u00e9alis\u00e9 dans le cadre d\u2019un projet sur les stations baln\u00e9aires. Diff\u00e9rents s\u00e9jours en Normandie, dans le Pas de Calais et au Royaume Uni ont constitu\u00e9 le point de d\u00e9part de ce travail. J\u2019op\u00e8re l\u2019ensemble de mes prises de vues en hiver, une saison entre parenth\u00e8ses pour les bains de mer.<br \/>\nLa s\u00e9rie interroge le d\u00e9veloppement des stations baln\u00e9aires qui ont \u00e9merg\u00e9 au milieu du 19\u00e8me si\u00e8cle et le confronte \u00e0 l&rsquo;exp\u00e9rience d&rsquo;un pr\u00e9sent.<br \/>\nLa vacance du temps, le sentiment de d\u00e9sertion vient progressivement contaminer l\u2019ensemble des paysages. [\/vc_column_text][\/vc_column][\/vc_row]<\/p>\n","protected":false},"excerpt":{"rendered":"<p>[vc_row][vc_column][vc_column_text] Hors Saison [\/vc_column_text][vc_single_image image=\u00a0\u00bb1820&Prime; img_size=\u00a0\u00bblarge\u00a0\u00bb alignment=\u00a0\u00bbcenter\u00a0\u00bb onclick=\u00a0\u00bbcustom_link\u00a0\u00bb link=\u00a0\u00bbhttp:\/\/lydie-essayan.com\/index.php\/portfolio\/items\/hors-saison\/\u00a0\u00bb][\/vc_column] [\/vc_row][vc_row][vc_column][\/vc_column][vc_column][vc_column_text]Ensemble r\u00e9alis\u00e9 dans le cadre d\u2019un projet sur les stations baln\u00e9aires. Diff\u00e9rents s\u00e9jours en Normandie, dans le Pas de Calais et au Royaume Uni ont constitu\u00e9 le point de d\u00e9part de ce travail. J\u2019op\u00e8re l\u2019ensemble de mes prises de vues en hiver, une saison entre parenth\u00e8ses [&hellip;]<\/p>\n","protected":false},"author":1,"featured_media":0,"parent":0,"menu_order":0,"comment_status":"closed","ping_status":"closed","template":"","meta":[],"_links":{"self":[{"href":"https:\/\/lydie-essayan.com\/index.php\/wp-json\/wp\/v2\/pages\/1806"}],"collection":[{"href":"https:\/\/lydie-essayan.com\/index.php\/wp-json\/wp\/v2\/pages"}],"about":[{"href":"https:\/\/lydie-essayan.com\/index.php\/wp-json\/wp\/v2\/types\/page"}],"author":[{"embeddable":true,"href":"https:\/\/lydie-essayan.com\/index.php\/wp-json\/wp\/v2\/users\/1"}],"replies":[{"embeddable":true,"href":"https:\/\/lydie-essayan.com\/index.php\/wp-json\/wp\/v2\/comments?post=1806"}],"version-history":[{"count":19,"href":"https:\/\/lydie-essayan.com\/index.php\/wp-json\/wp\/v2\/pages\/1806\/revisions"}],"predecessor-version":[{"id":1885,"href":"https:\/\/lydie-essayan.com\/index.php\/wp-json\/wp\/v2\/pages\/1806\/revisions\/1885"}],"wp:attachment":[{"href":"https:\/\/lydie-essayan.com\/index.php\/wp-json\/wp\/v2\/media?parent=1806"}],"curies":[{"name":"wp","href":"https:\/\/api.w.org\/{rel}","templated":true}]}}