{"id":1843,"date":"2018-04-25T16:04:16","date_gmt":"2018-04-25T14:04:16","guid":{"rendered":"http:\/\/lydie-essayan.com\/?page_id=1843"},"modified":"2018-04-25T16:10:07","modified_gmt":"2018-04-25T14:10:07","slug":"un-jardin-1","status":"publish","type":"page","link":"https:\/\/lydie-essayan.com\/index.php\/un-jardin-1\/","title":{"rendered":"Un jardin"},"content":{"rendered":"<p>[vc_row][vc_column][vc_column_text]<\/p>\n<h5 style=\"text-align: center;\">Un jardin<\/h5>\n<p>[\/vc_column_text][\/vc_column][\/vc_row][vc_row][vc_column][vc_single_image image=\u00a0\u00bb1845&Prime; img_size=\u00a0\u00bblarge\u00a0\u00bb alignment=\u00a0\u00bbcenter\u00a0\u00bb onclick=\u00a0\u00bbcustom_link\u00a0\u00bb link=\u00a0\u00bbhttp:\/\/lydie-essayan.com\/index.php\/portfolio\/items\/un-jardin\/\u00a0\u00bb][\/vc_column][\/vc_row][vc_row][vc_column][vc_column_text]&nbsp;<\/p>\n<p style=\"text-align: justify;\">En 2012, je photographie mes parents chez eux absorb\u00e9s par leur activit\u00e9 de jardinage. Le projet s\u2019enracine\u00a0; il approche d\u2019autres jardins, la plupart chez les habitants de la p\u00e9riph\u00e9rie des villes, dans les cit\u00e9s dortoirs, les lotissements, les pavillons de banlieue.<\/p>\n<p>Documentant un espace circonscrit, la s\u00e9rie cherche \u00e0 capter ce qui raccroche l\u2019humain \u00e0 la nature et permet la r\u00e9activation d\u2019un geste.<\/p>\n<p>Des interrogations pointent\u00a0; quelle sera la logique \u00e9tablie face \u00e0 ce potentiel v\u00e9g\u00e9tal ; Comment penser son emprise sur le vivant\u00a0? Ces photographies peuvent-elles donner forme au d\u00e9sir de mettre la nature \u00e0 disposition\u00a0?<\/p>\n<p>Dans un environnement o\u00f9 les espaces priv\u00e9s apparaissent parfois comme des reflets uniformes, ces observations mettent \u00e0 jour ce qui se d\u00e9livre et se cr\u00e9e dans le murmure des jardins.<\/p>\n<p>[\/vc_column_text][\/vc_column][\/vc_row]<\/p>\n","protected":false},"excerpt":{"rendered":"<p>[vc_row][vc_column][vc_column_text] Un jardin [\/vc_column_text][\/vc_column][\/vc_row][vc_row][vc_column][vc_single_image image=\u00a0\u00bb1845&Prime; img_size=\u00a0\u00bblarge\u00a0\u00bb alignment=\u00a0\u00bbcenter\u00a0\u00bb onclick=\u00a0\u00bbcustom_link\u00a0\u00bb link=\u00a0\u00bbhttp:\/\/lydie-essayan.com\/index.php\/portfolio\/items\/un-jardin\/\u00a0\u00bb][\/vc_column][\/vc_row][vc_row][vc_column][vc_column_text]&nbsp; En 2012, je photographie mes parents chez eux absorb\u00e9s par leur activit\u00e9 de jardinage. Le projet s\u2019enracine\u00a0; il approche d\u2019autres jardins, la plupart chez les habitants de la p\u00e9riph\u00e9rie des villes, dans les cit\u00e9s dortoirs, les lotissements, les pavillons de banlieue. Documentant un espace circonscrit, la [&hellip;]<\/p>\n","protected":false},"author":1,"featured_media":0,"parent":0,"menu_order":0,"comment_status":"closed","ping_status":"closed","template":"","meta":[],"_links":{"self":[{"href":"https:\/\/lydie-essayan.com\/index.php\/wp-json\/wp\/v2\/pages\/1843"}],"collection":[{"href":"https:\/\/lydie-essayan.com\/index.php\/wp-json\/wp\/v2\/pages"}],"about":[{"href":"https:\/\/lydie-essayan.com\/index.php\/wp-json\/wp\/v2\/types\/page"}],"author":[{"embeddable":true,"href":"https:\/\/lydie-essayan.com\/index.php\/wp-json\/wp\/v2\/users\/1"}],"replies":[{"embeddable":true,"href":"https:\/\/lydie-essayan.com\/index.php\/wp-json\/wp\/v2\/comments?post=1843"}],"version-history":[{"count":4,"href":"https:\/\/lydie-essayan.com\/index.php\/wp-json\/wp\/v2\/pages\/1843\/revisions"}],"predecessor-version":[{"id":1851,"href":"https:\/\/lydie-essayan.com\/index.php\/wp-json\/wp\/v2\/pages\/1843\/revisions\/1851"}],"wp:attachment":[{"href":"https:\/\/lydie-essayan.com\/index.php\/wp-json\/wp\/v2\/media?parent=1843"}],"curies":[{"name":"wp","href":"https:\/\/api.w.org\/{rel}","templated":true}]}}